{"id":77,"date":"2016-06-14T13:32:22","date_gmt":"2016-06-14T11:32:22","guid":{"rendered":"http:\/\/www.gedankenfriedhof.at\/?page_id=77"},"modified":"2016-06-14T13:32:22","modified_gmt":"2016-06-14T11:32:22","slug":"about-me","status":"publish","type":"page","link":"https:\/\/www.gedankenfriedhof.at\/?page_id=77","title":{"rendered":"About Me"},"content":{"rendered":"<p>Der alte Text war so generisch und langweilig, sodass ich mich f\u00fcr einen neuen entschieden habe. Wieder einmal stellt sich anfangs die Frage, was man in so einer &#8222;About Me&#8220;-Sektion eigentlich sagen will. Soll man sich selber in m\u00f6glichst gutem Licht darstellen, soll man kompromisslos ehrlich sein? Soll man sich so beschreiben, wie man es gerne h\u00e4tte, dass man w\u00e4re, oder lieber so, wie andere einen beschreiben w\u00fcrden, wenn man sie fragt? Dabei sollte man wiederum beachten, dass einen andere Menschen wahrscheinlich immer anders beschreiben, je nachdem, wem man gegen\u00fcber sitzt\/steht. \u00dcber Dritte redet es sich leichter, sozusagen. Jetzt k\u00f6nnte man nat\u00fcrlich mit Selbstbild und Fremdbild daher kommen, um irgendwie gebildet zu wirken. Ersatzweise verwende ich ein richtiges Bild. Das muss derweil reichen, bevor ich mir wirklich einen Text f\u00fcr diese Sektion \u00fcberlege, der auch tats\u00e4chlich etwas \u00fcber mich sagt.<\/p>\n<p><img loading=\"lazy\" class=\"aligncenter size-medium wp-image-78\" src=\"http:\/\/www.gedankenfriedhof.at\/wp-content\/uploads\/2016\/06\/20160614_131147-169x300.jpg\" alt=\"About Me\" width=\"169\" height=\"300\" srcset=\"https:\/\/www.gedankenfriedhof.at\/wp-content\/uploads\/2016\/06\/20160614_131147-169x300.jpg 169w, https:\/\/www.gedankenfriedhof.at\/wp-content\/uploads\/2016\/06\/20160614_131147-768x1365.jpg 768w, https:\/\/www.gedankenfriedhof.at\/wp-content\/uploads\/2016\/06\/20160614_131147-576x1024.jpg 576w\" sizes=\"(max-width: 169px) 100vw, 169px\" \/><\/p>\n","protected":false},"excerpt":{"rendered":"<p>Der alte Text war so generisch und langweilig, sodass ich mich f\u00fcr einen neuen entschieden habe. Wieder einmal stellt sich anfangs die Frage, was man in so einer &#8222;About Me&#8220;-Sektion eigentlich sagen will. Soll man sich selber in m\u00f6glichst gutem &hellip; <a href=\"https:\/\/www.gedankenfriedhof.at\/?page_id=77\">Weiterlesen <span class=\"meta-nav\">&rarr;<\/span><\/a><\/p>\n","protected":false},"author":2,"featured_media":0,"parent":0,"menu_order":0,"comment_status":"closed","ping_status":"closed","template":"","meta":[],"_links":{"self":[{"href":"https:\/\/www.gedankenfriedhof.at\/index.php?rest_route=\/wp\/v2\/pages\/77"}],"collection":[{"href":"https:\/\/www.gedankenfriedhof.at\/index.php?rest_route=\/wp\/v2\/pages"}],"about":[{"href":"https:\/\/www.gedankenfriedhof.at\/index.php?rest_route=\/wp\/v2\/types\/page"}],"author":[{"embeddable":true,"href":"https:\/\/www.gedankenfriedhof.at\/index.php?rest_route=\/wp\/v2\/users\/2"}],"replies":[{"embeddable":true,"href":"https:\/\/www.gedankenfriedhof.at\/index.php?rest_route=%2Fwp%2Fv2%2Fcomments&post=77"}],"version-history":[{"count":2,"href":"https:\/\/www.gedankenfriedhof.at\/index.php?rest_route=\/wp\/v2\/pages\/77\/revisions"}],"predecessor-version":[{"id":80,"href":"https:\/\/www.gedankenfriedhof.at\/index.php?rest_route=\/wp\/v2\/pages\/77\/revisions\/80"}],"wp:attachment":[{"href":"https:\/\/www.gedankenfriedhof.at\/index.php?rest_route=%2Fwp%2Fv2%2Fmedia&parent=77"}],"curies":[{"name":"wp","href":"https:\/\/api.w.org\/{rel}","templated":true}]}}